{"id":196,"date":"2025-01-08T11:26:37","date_gmt":"2025-01-08T11:26:37","guid":{"rendered":"https:\/\/luckybiscuit.hu\/?page_id=196"},"modified":"2025-01-08T12:06:21","modified_gmt":"2025-01-08T12:06:21","slug":"kapcsolat","status":"publish","type":"page","link":"https:\/\/luckybiscuit.hu\/index.php\/home\/kapcsolat\/","title":{"rendered":"Kapcsolat"},"content":{"rendered":"<p style=\"text-align: center;\"><strong>Kapcsolatfelv\u00e9tel<br \/>\n<\/strong><br \/>\nAmennyiben szeretn\u00e9 weboldal\u00e1t biztons\u00e1gosan \u00fczemeltetni!<\/p>\n<p style=\"text-align: center;\">El\u00e9rhet\u0151s\u00e9g: <a href=\"info@luckybiscuit.hu\">info@luckybiscuit.hu<\/a><\/p>\n","protected":false},"excerpt":{"rendered":"<p>Kapcsolatfelv\u00e9tel Amennyiben szeretn\u00e9 weboldal\u00e1t biztons\u00e1gosan \u00fczemeltetni! El\u00e9rhet\u0151s\u00e9g: info@luckybiscuit.hu<\/p>\n","protected":false},"author":1,"featured_media":0,"parent":2,"menu_order":0,"comment_status":"closed","ping_status":"closed","template":"page-no-title","meta":{"footnotes":""},"class_list":["post-196","page","type-page","status-publish","hentry"],"_links":{"self":[{"href":"https:\/\/luckybiscuit.hu\/index.php\/wp-json\/wp\/v2\/pages\/196","targetHints":{"allow":["GET"]}}],"collection":[{"href":"https:\/\/luckybiscuit.hu\/index.php\/wp-json\/wp\/v2\/pages"}],"about":[{"href":"https:\/\/luckybiscuit.hu\/index.php\/wp-json\/wp\/v2\/types\/page"}],"author":[{"embeddable":true,"href":"https:\/\/luckybiscuit.hu\/index.php\/wp-json\/wp\/v2\/users\/1"}],"replies":[{"embeddable":true,"href":"https:\/\/luckybiscuit.hu\/index.php\/wp-json\/wp\/v2\/comments?post=196"}],"version-history":[{"count":4,"href":"https:\/\/luckybiscuit.hu\/index.php\/wp-json\/wp\/v2\/pages\/196\/revisions"}],"predecessor-version":[{"id":236,"href":"https:\/\/luckybiscuit.hu\/index.php\/wp-json\/wp\/v2\/pages\/196\/revisions\/236"}],"up":[{"embeddable":true,"href":"https:\/\/luckybiscuit.hu\/index.php\/wp-json\/wp\/v2\/pages\/2"}],"wp:attachment":[{"href":"https:\/\/luckybiscuit.hu\/index.php\/wp-json\/wp\/v2\/media?parent=196"}],"curies":[{"name":"wp","href":"https:\/\/api.w.org\/{rel}","templated":true}]}}