{"id":195,"date":"2025-01-07T12:13:03","date_gmt":"2025-01-07T12:13:03","guid":{"rendered":"https:\/\/luckybiscuit.hu\/?page_id=195"},"modified":"2025-01-08T12:07:49","modified_gmt":"2025-01-08T12:07:49","slug":"arlista","status":"publish","type":"page","link":"https:\/\/luckybiscuit.hu\/index.php\/home\/arlista\/","title":{"rendered":"\u00c1rlista"},"content":{"rendered":"<p style=\"text-align: center;\"><strong>\u00c1rlista<\/strong><\/p>\n<p style=\"text-align: center;\"><strong>Bemutatkoz\u00f3 oldal karbantart\u00e1sa<\/strong><br \/>\n-maximum 6 oldal<br \/>\n12.000 Ft \/h\u00f3<br \/>\n\/Havi maximum 2 \u00f3ra id\u0151r\u00e1ford\u00edt\u00e1ssal\/<br \/>\n&gt;B\u0151v\u00edtm\u00e9nyek friss\u00edt\u00e9se havonta 1x<br \/>\n&gt;V\u00edrusellen\u0151rz\u00e9sek<br \/>\n&gt;Tartalomfriss\u00edt\u00e9s<\/p>\n<p style=\"text-align: center;\"><strong>Komplex weboldal karbantart\u00e1s<br \/>\n<\/strong>-maximum 20 oldal<br \/>\n18.000 Ft \/h\u00f3<br \/>\n\/Maximum\u00a0 2 \u00f3ra id\u0151r\u00e1ford\u00edt\u00e1ssal\/<br \/>\n&gt;B\u0151v\u00edtm\u00e9nyek friss\u00edt\u00e9se havonta 1x<br \/>\n&gt;Pr\u00e9mium b\u0151v\u00edtm\u00e9nyek<br \/>\n&gt;V\u00edrusellen\u0151rz\u00e9sek<br \/>\n&gt;Tartalomfriss\u00edt\u00e9s<br \/>\n&gt;Biztons\u00e1gi ment\u00e9s<br \/>\n&gt;SoS hibaelh\u00e1r\u00edt\u00e1s<br \/>\n&gt;Javaslatok fejleszt\u00e9se<\/p>\n<p style=\"text-align: center;\"><strong>Web\u00e1ruh\u00e1z karbantart\u00e1s<\/strong><br \/>\n-n\u00e9h\u00e1ny term\u00e9kes webshop<br \/>\n30.000 Ft \/h\u00f3<br \/>\n\/Havonta maximum 3 \u00f3ra id\u0151r\u00e1ford\u00edt\u00e1s\/<br \/>\n&gt;B\u0151v\u00edtm\u00e9nyek friss\u00edt\u00e9se havonta 1x<br \/>\n&gt;Pr\u00e9mium b\u0151v\u00edtm\u00e9nyek<br \/>\n&gt;V\u00edrusellen\u0151rz\u00e9s<br \/>\n&gt;Tartalomfriss\u00edt\u00e9sek<br \/>\n&gt;Biztons\u00e1gi ment\u00e9s<br \/>\n&gt;SoS hibaelh\u00e1r\u00edt\u00e1s<br \/>\n&gt;Javaslatok fejleszt\u00e9se<br \/>\n&gt;\u00daj term\u00e9k felt\u00f6lt\u00e9se maximum 10 db-ig<br \/>\n&gt;Fizet\u00e9si \u00e9s sz\u00e1ll\u00edt\u00e1si m\u00f3dok kezel\u00e9se<\/p>\n<p style=\"text-align: center;\">Az id\u0151kereten fel\u00fcli munkav\u00e9gz\u00e9s fejleszt\u0151i \u00f3rad\u00edja: 5.000 Ft<\/p>\n<p style=\"text-align: center;\">A szolg\u00e1ltat\u00e1sokon fel\u00fcli egyedi ig\u00e9nyek, elk\u00e9pzel\u00e9sek, k\u00fcl\u00f6nleges oldalak egy\u00e9ni egyeztet\u00e9s alapj\u00e1n.<\/p>\n","protected":false},"excerpt":{"rendered":"<p>\u00c1rlista Bemutatkoz\u00f3 oldal karbantart\u00e1sa -maximum 6 oldal 12.000 Ft \/h\u00f3 \/Havi maximum 2 \u00f3ra id\u0151r\u00e1ford\u00edt\u00e1ssal\/ &gt;B\u0151v\u00edtm\u00e9nyek friss\u00edt\u00e9se havonta 1x &gt;V\u00edrusellen\u0151rz\u00e9sek &gt;Tartalomfriss\u00edt\u00e9s Komplex weboldal karbantart\u00e1s -maximum 20 oldal 18.000 Ft \/h\u00f3 \/Maximum\u00a0 2 \u00f3ra id\u0151r\u00e1ford\u00edt\u00e1ssal\/ &gt;B\u0151v\u00edtm\u00e9nyek friss\u00edt\u00e9se havonta 1x &gt;Pr\u00e9mium b\u0151v\u00edtm\u00e9nyek &gt;V\u00edrusellen\u0151rz\u00e9sek &gt;Tartalomfriss\u00edt\u00e9s &gt;Biztons\u00e1gi ment\u00e9s &gt;SoS hibaelh\u00e1r\u00edt\u00e1s &gt;Javaslatok fejleszt\u00e9se Web\u00e1ruh\u00e1z karbantart\u00e1s -n\u00e9h\u00e1ny term\u00e9kes webshop 30.000 Ft [&hellip;]<\/p>\n","protected":false},"author":1,"featured_media":0,"parent":2,"menu_order":0,"comment_status":"closed","ping_status":"closed","template":"page-no-title","meta":{"footnotes":""},"class_list":["post-195","page","type-page","status-publish","hentry"],"_links":{"self":[{"href":"https:\/\/luckybiscuit.hu\/index.php\/wp-json\/wp\/v2\/pages\/195","targetHints":{"allow":["GET"]}}],"collection":[{"href":"https:\/\/luckybiscuit.hu\/index.php\/wp-json\/wp\/v2\/pages"}],"about":[{"href":"https:\/\/luckybiscuit.hu\/index.php\/wp-json\/wp\/v2\/types\/page"}],"author":[{"embeddable":true,"href":"https:\/\/luckybiscuit.hu\/index.php\/wp-json\/wp\/v2\/users\/1"}],"replies":[{"embeddable":true,"href":"https:\/\/luckybiscuit.hu\/index.php\/wp-json\/wp\/v2\/comments?post=195"}],"version-history":[{"count":9,"href":"https:\/\/luckybiscuit.hu\/index.php\/wp-json\/wp\/v2\/pages\/195\/revisions"}],"predecessor-version":[{"id":239,"href":"https:\/\/luckybiscuit.hu\/index.php\/wp-json\/wp\/v2\/pages\/195\/revisions\/239"}],"up":[{"embeddable":true,"href":"https:\/\/luckybiscuit.hu\/index.php\/wp-json\/wp\/v2\/pages\/2"}],"wp:attachment":[{"href":"https:\/\/luckybiscuit.hu\/index.php\/wp-json\/wp\/v2\/media?parent=195"}],"curies":[{"name":"wp","href":"https:\/\/api.w.org\/{rel}","templated":true}]}}